{"id":924,"date":"2022-05-24T21:38:48","date_gmt":"2022-05-24T19:38:48","guid":{"rendered":"https:\/\/www.cadelcampo.it\/wordpress\/startseite\/"},"modified":"2022-05-31T11:54:16","modified_gmt":"2022-05-31T09:54:16","slug":"startseite","status":"publish","type":"page","link":"https:\/\/www.cadelcampo.it\/de\/","title":{"rendered":"STARTSEITE"},"content":{"rendered":"<p>[vc_row full_width=&#8220;stretch_row_content_no_spaces&#8220;][vc_column]\n\t\t\t<!-- START Home REVOLUTION SLIDER 6.4.5 --><p class=\"rs-p-wp-fix\"><\/p>\n\t\t\t<rs-module-wrap id=\"rev_slider_1_1_wrapper\" data-source=\"gallery\" style=\"background:transparent;padding:0;\">\n\t\t\t\t<rs-module id=\"rev_slider_1_1\" style=\"\" data-version=\"6.4.5\">\n\t\t\t\t\t<rs-slides>\n\t\t\t\t\t\t<rs-slide data-key=\"rs-15\" data-title=\"Slide\" data-thumb=\"\/\/www.cadelcampo.it\/wordpress\/wp-content\/uploads\/2022\/04\/DNN_5516.jpg\" data-in=\"o:0;\" data-out=\"a:false;\">\n\t\t\t\t\t\t\t<img loading=\"lazy\" decoding=\"async\" src=\"\/\/www.cadelcampo.it\/wordpress\/wp-content\/uploads\/2022\/04\/DNN_5516.jpg\" width=\"2560\" height=\"1707\" class=\"rev-slidebg tp-rs-img\" data-no-retina>\n<!---->\t\t\t\t\t\t<\/rs-slide>\n\t\t\t\t\t\t<rs-slide data-key=\"rs-4\" data-title=\"Slide\" data-thumb=\"\/\/www.cadelcampo.it\/wordpress\/wp-content\/uploads\/2022\/04\/10_Singola_Ca_Del_Campo_300dpi.jpg\" data-in=\"o:0;\" data-out=\"a:false;\">\n\t\t\t\t\t\t\t<img loading=\"lazy\" decoding=\"async\" src=\"\/\/www.cadelcampo.it\/wordpress\/wp-content\/uploads\/2022\/04\/10_Singola_Ca_Del_Campo_300dpi.jpg\" width=\"2560\" height=\"1707\" class=\"rev-slidebg tp-rs-img\" data-no-retina>\n<!---->\t\t\t\t\t\t<\/rs-slide>\n\t\t\t\t\t\t<rs-slide data-key=\"rs-1\" data-title=\"Slide\" data-thumb=\"\/\/www.cadelcampo.it\/wordpress\/wp-content\/uploads\/2022\/04\/07_Doppia-Superior_Ca_Del_Campo_300dpi.jpg\" data-in=\"o:0;\" data-out=\"a:false;\">\n\t\t\t\t\t\t\t<img loading=\"lazy\" decoding=\"async\" src=\"\/\/www.cadelcampo.it\/wordpress\/wp-content\/uploads\/2022\/04\/07_Doppia-Superior_Ca_Del_Campo_300dpi.jpg\" width=\"2560\" height=\"1707\" class=\"rev-slidebg tp-rs-img\" data-no-retina>\n<!---->\t\t\t\t\t\t<\/rs-slide>\n\t\t\t\t\t\t<rs-slide data-key=\"rs-2\" data-title=\"Slide\" data-thumb=\"\/\/www.cadelcampo.it\/wordpress\/wp-content\/uploads\/2022\/04\/04_Doppia-Superior_Ca_Del_Campo_300dpi.jpg\" data-in=\"o:0;\" data-out=\"a:false;\">\n\t\t\t\t\t\t\t<img loading=\"lazy\" decoding=\"async\" src=\"\/\/www.cadelcampo.it\/wordpress\/wp-content\/uploads\/2022\/04\/04_Doppia-Superior_Ca_Del_Campo_300dpi.jpg\" width=\"2560\" height=\"1707\" class=\"rev-slidebg tp-rs-img\" data-no-retina>\n<!---->\t\t\t\t\t\t<\/rs-slide>\n\t\t\t\t\t\t<rs-slide data-key=\"rs-3\" data-title=\"Slide\" data-thumb=\"\/\/www.cadelcampo.it\/wordpress\/wp-content\/uploads\/2022\/04\/11_Singola_Ca_Del_Campo_300dpi.jpg\" data-in=\"o:0;\" data-out=\"a:false;\">\n\t\t\t\t\t\t\t<img loading=\"lazy\" decoding=\"async\" src=\"\/\/www.cadelcampo.it\/wordpress\/wp-content\/uploads\/2022\/04\/11_Singola_Ca_Del_Campo_300dpi.jpg\" width=\"2560\" height=\"1707\" class=\"rev-slidebg tp-rs-img\" data-no-retina>\n<!---->\t\t\t\t\t\t<\/rs-slide>\n\t\t\t\t\t\t<rs-slide data-key=\"rs-13\" data-title=\"Slide\" data-thumb=\"\/\/www.cadelcampo.it\/wordpress\/wp-content\/uploads\/2022\/05\/29_Ca_Del_Campo_300dpi.jpg\" data-in=\"o:0;\" data-out=\"a:false;\">\n\t\t\t\t\t\t\t<img loading=\"lazy\" decoding=\"async\" src=\"\/\/www.cadelcampo.it\/wordpress\/wp-content\/uploads\/2022\/05\/29_Ca_Del_Campo_300dpi.jpg\" width=\"2560\" height=\"1707\" class=\"rev-slidebg tp-rs-img\" data-no-retina>\n<!---->\t\t\t\t\t\t<\/rs-slide>\n\t\t\t\t\t\t<rs-slide data-key=\"rs-14\" data-title=\"Slide\" data-thumb=\"\/\/www.cadelcampo.it\/wordpress\/wp-content\/uploads\/2022\/04\/DNN_4365B.jpg\" data-in=\"o:0;\" data-out=\"a:false;\">\n\t\t\t\t\t\t\t<img loading=\"lazy\" decoding=\"async\" src=\"\/\/www.cadelcampo.it\/wordpress\/wp-content\/uploads\/2022\/04\/DNN_4365B.jpg\" width=\"2560\" height=\"1707\" class=\"rev-slidebg tp-rs-img\" data-no-retina>\n<!---->\t\t\t\t\t\t<\/rs-slide>\n\t\t\t\t\t<\/rs-slides>\n\t\t\t\t<\/rs-module>\n\t\t\t\t<script type=\"text\/javascript\">\n\t\t\t\t\tsetREVStartSize({c: 'rev_slider_1_1',rl:[1240,1024,778,480],el:[900],gw:[1240],gh:[900],type:'standard',justify:'',layout:'fullscreen',offsetContainer:'',offset:'',mh:\"0\"});\n\t\t\t\t\tvar\trevapi1,\n\t\t\t\t\t\ttpj;\n\t\t\t\t\tfunction revinit_revslider11() {\n\t\t\t\t\tjQuery(function() {\n\t\t\t\t\t\ttpj = jQuery;\n\t\t\t\t\t\trevapi1 = tpj(\"#rev_slider_1_1\");\n\t\t\t\t\t\tif(revapi1==undefined || revapi1.revolution == undefined){\n\t\t\t\t\t\t\trevslider_showDoubleJqueryError(\"rev_slider_1_1\");\n\t\t\t\t\t\t}else{\n\t\t\t\t\t\t\trevapi1.revolution({\n\t\t\t\t\t\t\t\tsliderLayout:\"fullscreen\",\n\t\t\t\t\t\t\t\tduration:\"7000ms\",\n\t\t\t\t\t\t\t\tvisibilityLevels:\"1240,1024,778,480\",\n\t\t\t\t\t\t\t\tgridwidth:1240,\n\t\t\t\t\t\t\t\tgridheight:900,\n\t\t\t\t\t\t\t\tperspective:600,\n\t\t\t\t\t\t\t\tperspectiveType:\"global\",\n\t\t\t\t\t\t\t\teditorheight:\"900,768,960,720\",\n\t\t\t\t\t\t\t\tresponsiveLevels:\"1240,1024,778,480\",\n\t\t\t\t\t\t\t\tprogressBar: {\n\t\t\t\t\t\t\t\t\tsize:5,\n\t\t\t\t\t\t\t\t\tx:0,\n\t\t\t\t\t\t\t\t\ty:0\n\t\t\t\t\t\t\t\t},\n\t\t\t\t\t\t\t\tnavigation: {\n\t\t\t\t\t\t\t\t\twheelCallDelay:1000,\n\t\t\t\t\t\t\t\t\tonHoverStop:false,\n\t\t\t\t\t\t\t\t\tarrows: {\n\t\t\t\t\t\t\t\t\t\tenable:true,\n\t\t\t\t\t\t\t\t\t\tstyle:\"uranus\",\n\t\t\t\t\t\t\t\t\t\tleft: {\n\t\t\t\t\t\t\t\t\t\t\th_offset:30\n\t\t\t\t\t\t\t\t\t\t},\n\t\t\t\t\t\t\t\t\t\tright: {\n\t\t\t\t\t\t\t\t\t\t\th_offset:30\n\t\t\t\t\t\t\t\t\t\t}\n\t\t\t\t\t\t\t\t\t}\n\t\t\t\t\t\t\t\t},\n\t\t\t\t\t\t\t\tfallbacks: {\n\t\t\t\t\t\t\t\t\tallowHTML5AutoPlayOnAndroid:true\n\t\t\t\t\t\t\t\t},\n\t\t\t\t\t\t\t});\n\t\t\t\t\t\t}\n\t\t\t\t\t\t\n\t\t\t\t\t});\n\t\t\t\t\t} \/\/ End of RevInitScript\n\t\t\t\tvar once_revslider11 = false;\n\t\t\t\tif (document.readyState === \"loading\") {document.addEventListener('readystatechange',function() { if((document.readyState === \"interactive\" || document.readyState === \"complete\") && !once_revslider11 ) { once_revslider11 = true; revinit_revslider11();}});} else {once_revslider11 = true; revinit_revslider11();}\n\t\t\t\t<\/script>\n\t\t\t\t<script>\n\t\t\t\t\tvar htmlDivCss = unescape(\"%23rev_slider_1_1_wrapper%20.uranus.tparrows%20%7B%0A%20%20width%3A50px%3B%0A%20%20height%3A50px%3B%0A%20%20background%3Argba%28255%2C255%2C255%2C0%29%3B%0A%20%7D%0A%20%23rev_slider_1_1_wrapper%20.uranus.tparrows%3Abefore%20%7B%0A%20width%3A50px%3B%0A%20height%3A50px%3B%0A%20line-height%3A50px%3B%0A%20font-size%3A40px%3B%0A%20transition%3Aall%200.3s%3B%0A-webkit-transition%3Aall%200.3s%3B%0A%20%7D%0A%20%0A%20%20%23rev_slider_1_1_wrapper%20.uranus.tparrows%3Ahover%3Abefore%20%7B%0A%20%20%20%20opacity%3A0.75%3B%0A%20%20%7D%0A\");\n\t\t\t\t\tvar htmlDiv = document.getElementById('rs-plugin-settings-inline-css');\n\t\t\t\t\tif(htmlDiv) {\n\t\t\t\t\t\thtmlDiv.innerHTML = htmlDiv.innerHTML + htmlDivCss;\n\t\t\t\t\t}else{\n\t\t\t\t\t\tvar htmlDiv = document.createElement('div');\n\t\t\t\t\t\thtmlDiv.innerHTML = '<style>' + htmlDivCss + '<\/style>';\n\t\t\t\t\t\tdocument.getElementsByTagName('head')[0].appendChild(htmlDiv.childNodes[0]);\n\t\t\t\t\t}\n\t\t\t\t<\/script>\n\t\t\t\t<script>\n\t\t\t\t\tvar htmlDivCss = unescape(\"%0A%0A%0A%0A%0A%0A%0A\");\n\t\t\t\t\tvar htmlDiv = document.getElementById('rs-plugin-settings-inline-css');\n\t\t\t\t\tif(htmlDiv) {\n\t\t\t\t\t\thtmlDiv.innerHTML = htmlDiv.innerHTML + htmlDivCss;\n\t\t\t\t\t}else{\n\t\t\t\t\t\tvar htmlDiv = document.createElement('div');\n\t\t\t\t\t\thtmlDiv.innerHTML = '<style>' + htmlDivCss + '<\/style>';\n\t\t\t\t\t\tdocument.getElementsByTagName('head')[0].appendChild(htmlDiv.childNodes[0]);\n\t\t\t\t\t}\n\t\t\t\t<\/script>\n\t\t\t<\/rs-module-wrap>\n\t\t\t<!-- END REVOLUTION SLIDER -->\n[vc_raw_html]PGRpdiBjbGFzcz0iYXJyb3ctd3JhcHBlciI+PGRpdiBjbGFzcz0iYXJyb3ciPjwvZGl2PjwvZGl2Pg==[\/vc_raw_html][\/vc_column][\/vc_row][vc_row content_placement=&#8220;middle&#8220; css=&#8220;.vc_custom_1617299287830{padding-top: 60px !important;padding-bottom: 80px !important;}&#8220;][vc_column width=&#8220;1\/2&#8243;][vc_column_text]<\/p>\n<h2><strong>Ca&#8216; del Campo<\/strong> &#8211; Venedig<\/h2>\n<p>[\/vc_column_text][vc_empty_space][vc_column_text]In einem komplett restaurierten Geb\u00e4ude aus dem 16. Jahrhundert, nur 100 m vom Markusplatz entfernt, bietet das Ca\u2019 del Campo eine behagliche Unterkunft in einer hellen und ruhigen Umgebung. Die Zimmer, von denen einige mit dem Aufzug erreichbar sind, verf\u00fcgen \u00fcber eine \u00a0exklusive Einrichtung\u00a0mit \u00a0authentischen venezianischen M\u00f6beln.<\/p>\n<p>Unter Wahrung des Charmes und der Pers\u00f6nlichkeit des Geb\u00e4udes bieten die Zimmer alle modernen Annehmlichkeiten, die f\u00fcr eine zeitgen\u00f6ssische Einrichtung typisch sind.<br \/>\nDie harmonische und anspruchsvolle Atmosph\u00e4re wird an einem ruhigen Ort im Herzen von Venedig geboten, einem Gebiet voller Sehensw\u00fcrdigkeiten, Museen, Monumenten und eleganten Boutiquen.<\/p>\n<p>Dar\u00fcber hinaus garantiert unsere\u00a0rund um die Uhr besetzte Rezeption einen kontinuierlichen Informations- und Betreuungsservice f\u00fcr unsere G\u00e4ste. Wir helfen Ihnen gerne dabei, das authentischste Venedig zu entdecken, indem wir personalisierte Routen empfehlen, die Ihren Vorlieben entsprechen.<\/p>\n<p><strong>Ca\u2019 del Campo ist eine strategische Wahl, um Venedig und seine Sch\u00f6nheiten zu erkunden<\/strong>.[\/vc_column_text][vc_empty_space height=&#8220;10px&#8220;][\/vc_column][vc_column width=&#8220;1\/2&#8243;][vc_single_image image=&#8220;825&#8243; img_size=&#8220;600&#215;660&#8243; alignment=&#8220;center&#8220; onclick=&#8220;link_image&#8220;][\/vc_column][\/vc_row][vc_row full_width=&#8220;stretch_row_content&#8220; parallax=&#8220;content-moving&#8220; parallax_image=&#8220;863&#8243;][vc_column][vc_empty_space height=&#8220;500px&#8220;][\/vc_column][\/vc_row]<\/p>\n","protected":false},"excerpt":{"rendered":"<p>[vc_row full_width=&#8220;stretch_row_content_no_spaces&#8220;][vc_column][vc_raw_html]PGRpdiBjbGFzcz0iYXJyb3ctd3JhcHBlciI+PGRpdiBjbGFzcz0iYXJyb3ciPjwvZGl2PjwvZGl2Pg==[\/vc_raw_html][\/vc_column][\/vc_row][vc_row content_placement=&#8220;middle&#8220; css=&#8220;.vc_custom_1617299287830{padding-top: 60px !important;padding-bottom: 80px !important;}&#8220;][vc_column width=&#8220;1\/2&#8243;][vc_column_text] Ca&#8216; del Campo &#8211; Venedig [\/vc_column_text][vc_empty_space][vc_column_text]In einem komplett restaurierten Geb\u00e4ude aus dem 16. Jahrhundert, nur 100 m vom Markusplatz entfernt, bietet das Ca\u2019 del Campo eine behagliche Unterkunft in einer hellen und ruhigen Umgebung. Die Zimmer, von denen einige mit dem Aufzug erreichbar sind, verf\u00fcgen \u00fcber&hellip;<\/p>\n","protected":false},"author":1,"featured_media":0,"parent":0,"menu_order":0,"comment_status":"closed","ping_status":"closed","template":"","meta":{"footnotes":""},"_links":{"self":[{"href":"https:\/\/www.cadelcampo.it\/de\/wp-json\/wp\/v2\/pages\/924"}],"collection":[{"href":"https:\/\/www.cadelcampo.it\/de\/wp-json\/wp\/v2\/pages"}],"about":[{"href":"https:\/\/www.cadelcampo.it\/de\/wp-json\/wp\/v2\/types\/page"}],"author":[{"embeddable":true,"href":"https:\/\/www.cadelcampo.it\/de\/wp-json\/wp\/v2\/users\/1"}],"replies":[{"embeddable":true,"href":"https:\/\/www.cadelcampo.it\/de\/wp-json\/wp\/v2\/comments?post=924"}],"version-history":[{"count":8,"href":"https:\/\/www.cadelcampo.it\/de\/wp-json\/wp\/v2\/pages\/924\/revisions"}],"predecessor-version":[{"id":1061,"href":"https:\/\/www.cadelcampo.it\/de\/wp-json\/wp\/v2\/pages\/924\/revisions\/1061"}],"wp:attachment":[{"href":"https:\/\/www.cadelcampo.it\/de\/wp-json\/wp\/v2\/media?parent=924"}],"curies":[{"name":"wp","href":"https:\/\/api.w.org\/{rel}","templated":true}]}}