{"id":964,"date":"2022-05-24T21:48:18","date_gmt":"2022-05-24T19:48:18","guid":{"rendered":"https:\/\/www.cadelcampo.it\/wordpress\/ubicacion\/"},"modified":"2022-05-24T21:48:18","modified_gmt":"2022-05-24T19:48:18","slug":"ubicacion","status":"publish","type":"page","link":"https:\/\/www.cadelcampo.it\/es\/ubicacion\/","title":{"rendered":"UBICACI\u00d3N"},"content":{"rendered":"<p>[vc_row full_width=\u00bbstretch_row_content\u00bb][vc_column]\n\t\t\t<!-- START Location REVOLUTION SLIDER 6.4.5 --><p class=\"rs-p-wp-fix\"><\/p>\n\t\t\t<rs-module-wrap id=\"rev_slider_5_1_wrapper\" data-source=\"gallery\" style=\"background:transparent;padding:0;\">\n\t\t\t\t<rs-module id=\"rev_slider_5_1\" style=\"\" data-version=\"6.4.5\">\n\t\t\t\t\t<rs-slides>\n\t\t\t\t\t\t<rs-slide data-key=\"rs-11\" data-title=\"Slide\" data-in=\"o:0;\" data-out=\"a:false;\">\n\t\t\t\t\t\t\t<img loading=\"lazy\" decoding=\"async\" src=\"\/\/www.cadelcampo.it\/wordpress\/wp-content\/uploads\/2022\/05\/29_Ca_Del_Campo_300dpi.jpg\" width=\"2560\" height=\"1707\" class=\"rev-slidebg tp-rs-img\" data-no-retina>\n<!---->\t\t\t\t\t\t<\/rs-slide>\n\t\t\t\t\t<\/rs-slides>\n\t\t\t\t<\/rs-module>\n\t\t\t\t<script type=\"text\/javascript\">\n\t\t\t\t\tsetREVStartSize({c: 'rev_slider_5_1',rl:[1240,1024,778,480],el:[900],gw:[1240],gh:[900],type:'standard',justify:'',layout:'fullscreen',offsetContainer:'',offset:'',mh:\"0\"});\n\t\t\t\t\tvar\trevapi5,\n\t\t\t\t\t\ttpj;\n\t\t\t\t\tfunction revinit_revslider51() {\n\t\t\t\t\tjQuery(function() {\n\t\t\t\t\t\ttpj = jQuery;\n\t\t\t\t\t\trevapi5 = tpj(\"#rev_slider_5_1\");\n\t\t\t\t\t\tif(revapi5==undefined || revapi5.revolution == undefined){\n\t\t\t\t\t\t\trevslider_showDoubleJqueryError(\"rev_slider_5_1\");\n\t\t\t\t\t\t}else{\n\t\t\t\t\t\t\trevapi5.revolution({\n\t\t\t\t\t\t\t\tsliderLayout:\"fullscreen\",\n\t\t\t\t\t\t\t\tvisibilityLevels:\"1240,1024,778,480\",\n\t\t\t\t\t\t\t\tgridwidth:1240,\n\t\t\t\t\t\t\t\tgridheight:900,\n\t\t\t\t\t\t\t\tperspective:600,\n\t\t\t\t\t\t\t\tperspectiveType:\"global\",\n\t\t\t\t\t\t\t\teditorheight:\"900,768,960,720\",\n\t\t\t\t\t\t\t\tresponsiveLevels:\"1240,1024,778,480\",\n\t\t\t\t\t\t\t\tprogressBar:{disableProgressBar:true},\n\t\t\t\t\t\t\t\tnavigation: {\n\t\t\t\t\t\t\t\t\tonHoverStop:false\n\t\t\t\t\t\t\t\t},\n\t\t\t\t\t\t\t\tfallbacks: {\n\t\t\t\t\t\t\t\t\tallowHTML5AutoPlayOnAndroid:true\n\t\t\t\t\t\t\t\t},\n\t\t\t\t\t\t\t});\n\t\t\t\t\t\t}\n\t\t\t\t\t\t\n\t\t\t\t\t});\n\t\t\t\t\t} \/\/ End of RevInitScript\n\t\t\t\tvar once_revslider51 = false;\n\t\t\t\tif (document.readyState === \"loading\") {document.addEventListener('readystatechange',function() { if((document.readyState === \"interactive\" || document.readyState === \"complete\") && !once_revslider51 ) { once_revslider51 = true; revinit_revslider51();}});} else {once_revslider51 = true; revinit_revslider51();}\n\t\t\t\t<\/script>\n\t\t\t<\/rs-module-wrap>\n\t\t\t<!-- END REVOLUTION SLIDER -->\n[vc_raw_html]PGRpdiBjbGFzcz0iYXJyb3ctd3JhcHBlciI+PGRpdiBjbGFzcz0iYXJyb3ciPjwvZGl2PjwvZGl2Pg==[\/vc_raw_html][\/vc_column][\/vc_row][vc_row full_width=\u00bbstretch_row_content\u00bb][vc_column][vc_empty_space height=\u00bb100px\u00bb][vc_column_text]<\/p>\n<h1 style=\"text-align: center;\">UBICACI\u00d3N<\/h1>\n<p>[\/vc_column_text][vc_empty_space height=\u00bb50px\u00bb][\/vc_column][\/vc_row][vc_row][vc_column][vc_column_text]<br \/>\n[\/vc_column_text][\/vc_column][\/vc_row][vc_row css=\u00bb.vc_custom_1547553006946{padding-top: 10px !important;padding-bottom: 50px !important;}\u00bb][vc_column][vc_column_text]<\/p>\n<p style=\"text-align: center;\">A solo 100 metros de la plaza de San Marcos, Ca&#8217; del Campo es una opci\u00f3n estrat\u00e9gica para descubrir las maravillas de Venecia.<\/p>\n<p>[\/vc_column_text][\/vc_column][\/vc_row][vc_row full_width=\u00bbstretch_row_content_no_spaces\u00bb][vc_column][vc_gmaps link=\u00bb#E-8_JTNDaWZyYW1lJTIwc3JjJTNEJTIyaHR0cHMlM0ElMkYlMkZ3d3cuZ29vZ2xlLmNvbSUyRm1hcHMlMkZlbWJlZCUzRnBiJTNEJTIxMW0xOCUyMTFtMTIlMjExbTMlMjExZDE1ODM3LjQzMTU5MjYyMjAxNSUyMTJkMTIuMzM1MDcyMjQ2NTg4MTY1JTIxM2Q0NS40MzU3NzM4NzI0NDYxNyUyMTJtMyUyMTFmMCUyMTJmMCUyMTNmMCUyMTNtMiUyMTFpMTAyNCUyMTJpNzY4JTIxNGYxMy4xJTIxM20zJTIxMW0yJTIxMXMweDEzMzc3MTY2Y2Y2YmZmZmQlMjUzQTB4ZWNlZTI2NzVkZWJiNmRlMiUyMTJzQ2ElMjYlMjMzOSUzQiUyNTIwZGVsJTI1MjBDYW1wbyUyMTVlMCUyMTNtMiUyMTFzaXQlMjEyc2l0JTIxNHYxNjQ5MDkyMjQyNDU4JTIxNW0yJTIxMXNpdCUyMTJzaXQlMjIlMjB3aWR0aCUzRCUyMjYwMCUyMiUyMGhlaWdodCUzRCUyMjQ1MCUyMiUyMHN0eWxlJTNEJTIyYm9yZGVyJTNBMCUzQiUyMiUyMGFsbG93ZnVsbHNjcmVlbiUzRCUyMiUyMiUyMGxvYWRpbmclM0QlMjJsYXp5JTIyJTIwcmVmZXJyZXJwb2xpY3klM0QlMjJuby1yZWZlcnJlci13aGVuLWRvd25ncmFkZSUyMiUzRSUzQyUyRmlmcmFtZSUzRQ==\u00bb size=\u00bb800px\u00bb][vc_empty_space height=\u00bb40px\u00bb][\/vc_column][\/vc_row][vc_row css=\u00bb.vc_custom_1547712153347{padding-top: 50px !important;padding-bottom: 50px !important;}\u00bb][vc_column][vc_column_text]<\/p>\n<h2 style=\"text-align: center;\">C\u00d3MO LLEGAR<\/h2>\n<p>[\/vc_column_text][\/vc_column][\/vc_row][vc_row full_width=\u00bbstretch_row_content\u00bb gap=\u00bb35&#8243; css=\u00bb.vc_custom_1547712291318{padding-bottom: 50px !important;}\u00bb][vc_column width=\u00bb1\/3&#8243; css=\u00bb.vc_custom_1624271879949{padding-top: 35px !important;padding-right: 35px !important;padding-bottom: 35px !important;padding-left: 35px !important;background-color: #f4f4f4 !important;}\u00bb][vc_icon icon_fontawesome=\u00bbfa fa-plane\u00bb color=\u00bbblack\u00bb size=\u00bbxl\u00bb align=\u00bbcenter\u00bb][vc_column_text]<\/p>\n<h3 style=\"text-align: center;\">Para quienes llegan desde el aeropuerto<\/h3>\n<p style=\"text-align: center;\">Una vez en el aeropuerto internacional Marco Polo de Venecia, se puede tomar c\u00f3modamente la l\u00ednea Alilaguna Arancio o Blu y bajar en San Marco Vallaresso.<br \/>\nDesde aqu\u00ed se debe seguir recto por calle Vallaresso y al final girar a la derecha y entrar en la plaza de San Marcos.<br \/>\nHay que dirigirse a la iglesia de San Marcos y continuar por la calle bajo la Torre del Reloj (Mercerie dell&#8217;Orologio).<br \/>\nAl llegar al final, se gira a la derecha para entrar en Campo San Zulian.<br \/>\nCa&#8217; del Campo se encuentra exactamente en la placita que est\u00e1 detr\u00e1s de la iglesia de San Zulian, por lo que bordeando la iglesia por la derecha y girando luego a la izquierda y al momento a la derecha se llega al Campo della Guerra.<br \/>\nNuestra entrada, en la direcci\u00f3n San Marco 511, se encuentra frente al quiosco que hay en Campo della Guerra.<\/p>\n<p>[\/vc_column_text][\/vc_column][vc_column width=\u00bb1\/3&#8243; css=\u00bb.vc_custom_1624271891641{padding-top: 35px !important;padding-right: 35px !important;padding-bottom: 35px !important;padding-left: 35px !important;background-color: #f4f4f4 !important;}\u00bb][vc_icon icon_fontawesome=\u00bbfa fa-car\u00bb color=\u00bbblack\u00bb size=\u00bbxl\u00bb align=\u00bbcenter\u00bb][vc_column_text]<\/p>\n<h3 style=\"text-align: center;\">Para quienes llegan en coche<\/h3>\n<p style=\"text-align: center;\">Si se aparca el coche en uno de los garajes del Tronchetto (la opci\u00f3n m\u00e1s barata) o de piazzale Roma, desde ambos lugares se pueden tomar las l\u00edneas ACTV 1 o 2 y bajar en San Marco Vallaresso.<br \/>\nDesde aqu\u00ed se debe seguir recto por calle Vallaresso y al final girar a la derecha y entrar en la plaza de San Marcos.<br \/>\nHay que dirigirse a la iglesia de San Marcos y continuar por la calle bajo la Torre del Reloj (Mercerie dell&#8217;Orologio).<br \/>\nAl llegar al final, se gira a la derecha para entrar en Campo San Zulian.<br \/>\nCa&#8217; del Campo se encuentra exactamente en la placita que est\u00e1 detr\u00e1s de la iglesia de San Zulian, por lo que bordeando la iglesia por la derecha y girando luego a la izquierda y al momento a la derecha se llega al Campo della Guerra.<br \/>\nNuestra entrada, en la direcci\u00f3n San Marco 511, se encuentra frente al quiosco que hay en Campo della Guerra.<\/p>\n<p>[\/vc_column_text][\/vc_column][vc_column width=\u00bb1\/3&#8243; css=\u00bb.vc_custom_1624271899316{padding-top: 35px !important;padding-right: 35px !important;padding-bottom: 35px !important;padding-left: 35px !important;background-color: #f4f4f4 !important;}\u00bb][vc_icon icon_fontawesome=\u00bbfa fa-train\u00bb color=\u00bbblack\u00bb size=\u00bbxl\u00bb align=\u00bbcenter\u00bb][vc_column_text]<\/p>\n<h3 style=\"text-align: center;\">Para quienes llegan en tren<\/h3>\n<p style=\"text-align: center;\">Una vez en la estaci\u00f3n de tren de Santa Lucia de Venecia, se pueden tomar las l\u00edneas ACTV 1 o 2 y bajar en San Marco Vallaresso.<br \/>\nDesde aqu\u00ed se debe seguir recto por calle Vallaresso y al final girar a la derecha y entrar en la plaza de San Marcos.<br \/>\nHay que dirigirse a la iglesia de San Marcos y continuar por la calle bajo la Torre del Reloj (Mercerie dell&#8217;Orologio).<br \/>\nAl llegar al final, se gira a la derecha para entrar en Campo San Zulian.<br \/>\nCa&#8217; del Campo se encuentra exactamente en la placita que est\u00e1 detr\u00e1s de la iglesia de San Zulian, por lo que bordeando la iglesia por la derecha y girando luego a la izquierda y al momento a la derecha se llega al Campo della Guerra.<br \/>\nNuestra entrada, en la direcci\u00f3n San Marco 511, se encuentra frente al quiosco que hay en Campo della Guerra.<\/p>\n<p>[\/vc_column_text][\/vc_column][\/vc_row]<\/p>\n","protected":false},"excerpt":{"rendered":"<p>[vc_row full_width=\u00bbstretch_row_content\u00bb][vc_column][vc_raw_html]PGRpdiBjbGFzcz0iYXJyb3ctd3JhcHBlciI+PGRpdiBjbGFzcz0iYXJyb3ciPjwvZGl2PjwvZGl2Pg==[\/vc_raw_html][\/vc_column][\/vc_row][vc_row full_width=\u00bbstretch_row_content\u00bb][vc_column][vc_empty_space height=\u00bb100px\u00bb][vc_column_text] UBICACI\u00d3N [\/vc_column_text][vc_empty_space height=\u00bb50px\u00bb][\/vc_column][\/vc_row][vc_row][vc_column][vc_column_text] [\/vc_column_text][\/vc_column][\/vc_row][vc_row css=\u00bb.vc_custom_1547553006946{padding-top: 10px !important;padding-bottom: 50px !important;}\u00bb][vc_column][vc_column_text] A solo 100 metros de la plaza de San Marcos, Ca&#8217; del Campo es una opci\u00f3n estrat\u00e9gica para descubrir las maravillas de Venecia. [\/vc_column_text][\/vc_column][\/vc_row][vc_row full_width=\u00bbstretch_row_content_no_spaces\u00bb][vc_column][vc_gmaps link=\u00bb#E-8_JTNDaWZyYW1lJTIwc3JjJTNEJTIyaHR0cHMlM0ElMkYlMkZ3d3cuZ29vZ2xlLmNvbSUyRm1hcHMlMkZlbWJlZCUzRnBiJTNEJTIxMW0xOCUyMTFtMTIlMjExbTMlMjExZDE1ODM3LjQzMTU5MjYyMjAxNSUyMTJkMTIuMzM1MDcyMjQ2NTg4MTY1JTIxM2Q0NS40MzU3NzM4NzI0NDYxNyUyMTJtMyUyMTFmMCUyMTJmMCUyMTNmMCUyMTNtMiUyMTFpMTAyNCUyMTJpNzY4JTIxNGYxMy4xJTIxM20zJTIxMW0yJTIxMXMweDEzMzc3MTY2Y2Y2YmZmZmQlMjUzQTB4ZWNlZTI2NzVkZWJiNmRlMiUyMTJzQ2ElMjYlMjMzOSUzQiUyNTIwZGVsJTI1MjBDYW1wbyUyMTVlMCUyMTNtMiUyMTFzaXQlMjEyc2l0JTIxNHYxNjQ5MDkyMjQyNDU4JTIxNW0yJTIxMXNpdCUyMTJzaXQlMjIlMjB3aWR0aCUzRCUyMjYwMCUyMiUyMGhlaWdodCUzRCUyMjQ1MCUyMiUyMHN0eWxlJTNEJTIyYm9yZGVyJTNBMCUzQiUyMiUyMGFsbG93ZnVsbHNjcmVlbiUzRCUyMiUyMiUyMGxvYWRpbmclM0QlMjJsYXp5JTIyJTIwcmVmZXJyZXJwb2xpY3klM0QlMjJuby1yZWZlcnJlci13aGVuLWRvd25ncmFkZSUyMiUzRSUzQyUyRmlmcmFtZSUzRQ==\u00bb size=\u00bb800px\u00bb][vc_empty_space height=\u00bb40px\u00bb][\/vc_column][\/vc_row][vc_row css=\u00bb.vc_custom_1547712153347{padding-top: 50px !important;padding-bottom: 50px !important;}\u00bb][vc_column][vc_column_text] C\u00d3MO LLEGAR [\/vc_column_text][\/vc_column][\/vc_row][vc_row full_width=\u00bbstretch_row_content\u00bb gap=\u00bb35&#8243; css=\u00bb.vc_custom_1547712291318{padding-bottom: 50px !important;}\u00bb][vc_column width=\u00bb1\/3&#8243;&hellip;<\/p>\n","protected":false},"author":1,"featured_media":0,"parent":0,"menu_order":0,"comment_status":"closed","ping_status":"closed","template":"","meta":{"footnotes":""},"_links":{"self":[{"href":"https:\/\/www.cadelcampo.it\/es\/wp-json\/wp\/v2\/pages\/964"}],"collection":[{"href":"https:\/\/www.cadelcampo.it\/es\/wp-json\/wp\/v2\/pages"}],"about":[{"href":"https:\/\/www.cadelcampo.it\/es\/wp-json\/wp\/v2\/types\/page"}],"author":[{"embeddable":true,"href":"https:\/\/www.cadelcampo.it\/es\/wp-json\/wp\/v2\/users\/1"}],"replies":[{"embeddable":true,"href":"https:\/\/www.cadelcampo.it\/es\/wp-json\/wp\/v2\/comments?post=964"}],"version-history":[{"count":2,"href":"https:\/\/www.cadelcampo.it\/es\/wp-json\/wp\/v2\/pages\/964\/revisions"}],"predecessor-version":[{"id":966,"href":"https:\/\/www.cadelcampo.it\/es\/wp-json\/wp\/v2\/pages\/964\/revisions\/966"}],"wp:attachment":[{"href":"https:\/\/www.cadelcampo.it\/es\/wp-json\/wp\/v2\/media?parent=964"}],"curies":[{"name":"wp","href":"https:\/\/api.w.org\/{rel}","templated":true}]}}