{"id":982,"date":"2022-05-24T21:53:39","date_gmt":"2022-05-24T19:53:39","guid":{"rendered":"https:\/\/www.cadelcampo.it\/wordpress\/position\/"},"modified":"2022-05-24T21:53:39","modified_gmt":"2022-05-24T19:53:39","slug":"position","status":"publish","type":"page","link":"https:\/\/www.cadelcampo.it\/fr\/position\/","title":{"rendered":"POSITION"},"content":{"rendered":"<p>[vc_row full_width=\u00a0\u00bbstretch_row_content\u00a0\u00bb][vc_column]\n\t\t\t<!-- START Location REVOLUTION SLIDER 6.4.5 --><p class=\"rs-p-wp-fix\"><\/p>\n\t\t\t<rs-module-wrap id=\"rev_slider_5_1_wrapper\" data-source=\"gallery\" style=\"background:transparent;padding:0;\">\n\t\t\t\t<rs-module id=\"rev_slider_5_1\" style=\"\" data-version=\"6.4.5\">\n\t\t\t\t\t<rs-slides>\n\t\t\t\t\t\t<rs-slide data-key=\"rs-11\" data-title=\"Slide\" data-in=\"o:0;\" data-out=\"a:false;\">\n\t\t\t\t\t\t\t<img loading=\"lazy\" decoding=\"async\" src=\"\/\/www.cadelcampo.it\/wordpress\/wp-content\/uploads\/2022\/05\/29_Ca_Del_Campo_300dpi.jpg\" width=\"2560\" height=\"1707\" class=\"rev-slidebg tp-rs-img\" data-no-retina>\n<!---->\t\t\t\t\t\t<\/rs-slide>\n\t\t\t\t\t<\/rs-slides>\n\t\t\t\t<\/rs-module>\n\t\t\t\t<script type=\"text\/javascript\">\n\t\t\t\t\tsetREVStartSize({c: 'rev_slider_5_1',rl:[1240,1024,778,480],el:[900],gw:[1240],gh:[900],type:'standard',justify:'',layout:'fullscreen',offsetContainer:'',offset:'',mh:\"0\"});\n\t\t\t\t\tvar\trevapi5,\n\t\t\t\t\t\ttpj;\n\t\t\t\t\tfunction revinit_revslider51() {\n\t\t\t\t\tjQuery(function() {\n\t\t\t\t\t\ttpj = jQuery;\n\t\t\t\t\t\trevapi5 = tpj(\"#rev_slider_5_1\");\n\t\t\t\t\t\tif(revapi5==undefined || revapi5.revolution == undefined){\n\t\t\t\t\t\t\trevslider_showDoubleJqueryError(\"rev_slider_5_1\");\n\t\t\t\t\t\t}else{\n\t\t\t\t\t\t\trevapi5.revolution({\n\t\t\t\t\t\t\t\tsliderLayout:\"fullscreen\",\n\t\t\t\t\t\t\t\tvisibilityLevels:\"1240,1024,778,480\",\n\t\t\t\t\t\t\t\tgridwidth:1240,\n\t\t\t\t\t\t\t\tgridheight:900,\n\t\t\t\t\t\t\t\tperspective:600,\n\t\t\t\t\t\t\t\tperspectiveType:\"global\",\n\t\t\t\t\t\t\t\teditorheight:\"900,768,960,720\",\n\t\t\t\t\t\t\t\tresponsiveLevels:\"1240,1024,778,480\",\n\t\t\t\t\t\t\t\tprogressBar:{disableProgressBar:true},\n\t\t\t\t\t\t\t\tnavigation: {\n\t\t\t\t\t\t\t\t\tonHoverStop:false\n\t\t\t\t\t\t\t\t},\n\t\t\t\t\t\t\t\tfallbacks: {\n\t\t\t\t\t\t\t\t\tallowHTML5AutoPlayOnAndroid:true\n\t\t\t\t\t\t\t\t},\n\t\t\t\t\t\t\t});\n\t\t\t\t\t\t}\n\t\t\t\t\t\t\n\t\t\t\t\t});\n\t\t\t\t\t} \/\/ End of RevInitScript\n\t\t\t\tvar once_revslider51 = false;\n\t\t\t\tif (document.readyState === \"loading\") {document.addEventListener('readystatechange',function() { if((document.readyState === \"interactive\" || document.readyState === \"complete\") && !once_revslider51 ) { once_revslider51 = true; revinit_revslider51();}});} else {once_revslider51 = true; revinit_revslider51();}\n\t\t\t\t<\/script>\n\t\t\t<\/rs-module-wrap>\n\t\t\t<!-- END REVOLUTION SLIDER -->\n[vc_raw_html]PGRpdiBjbGFzcz0iYXJyb3ctd3JhcHBlciI+PGRpdiBjbGFzcz0iYXJyb3ciPjwvZGl2PjwvZGl2Pg==[\/vc_raw_html][\/vc_column][\/vc_row][vc_row full_width=\u00a0\u00bbstretch_row_content\u00a0\u00bb][vc_column][vc_empty_space height=\u00a0\u00bb100px\u00a0\u00bb][vc_column_text]<\/p>\n<h1 style=\"text-align: center;\">POSITION<\/h1>\n<p>[\/vc_column_text][vc_empty_space height=\u00a0\u00bb50px\u00a0\u00bb][\/vc_column][\/vc_row][vc_row][vc_column][vc_column_text]<br \/>\n[\/vc_column_text][\/vc_column][\/vc_row][vc_row css=\u00a0\u00bb.vc_custom_1547553006946{padding-top: 10px !important;padding-bottom: 50px !important;}\u00a0\u00bb][vc_column][vc_column_text]<\/p>\n<p style=\"text-align: center;\">Situ\u00e9 \u00e0 seulement 100\u00a0m\u00e8tres de la place Saint-Marc, Ca\u2019 del Campo est un choix strat\u00e9gique pour d\u00e9couvrir les merveilles de Venise.<\/p>\n<p>[\/vc_column_text][\/vc_column][\/vc_row][vc_row full_width=\u00a0\u00bbstretch_row_content_no_spaces\u00a0\u00bb][vc_column][vc_gmaps link=\u00a0\u00bb#E-8_JTNDaWZyYW1lJTIwc3JjJTNEJTIyaHR0cHMlM0ElMkYlMkZ3d3cuZ29vZ2xlLmNvbSUyRm1hcHMlMkZlbWJlZCUzRnBiJTNEJTIxMW0xOCUyMTFtMTIlMjExbTMlMjExZDE1ODM3LjQzMTU5MjYyMjAxNSUyMTJkMTIuMzM1MDcyMjQ2NTg4MTY1JTIxM2Q0NS40MzU3NzM4NzI0NDYxNyUyMTJtMyUyMTFmMCUyMTJmMCUyMTNmMCUyMTNtMiUyMTFpMTAyNCUyMTJpNzY4JTIxNGYxMy4xJTIxM20zJTIxMW0yJTIxMXMweDEzMzc3MTY2Y2Y2YmZmZmQlMjUzQTB4ZWNlZTI2NzVkZWJiNmRlMiUyMTJzQ2ElMjYlMjMzOSUzQiUyNTIwZGVsJTI1MjBDYW1wbyUyMTVlMCUyMTNtMiUyMTFzaXQlMjEyc2l0JTIxNHYxNjQ5MDkyMjQyNDU4JTIxNW0yJTIxMXNpdCUyMTJzaXQlMjIlMjB3aWR0aCUzRCUyMjYwMCUyMiUyMGhlaWdodCUzRCUyMjQ1MCUyMiUyMHN0eWxlJTNEJTIyYm9yZGVyJTNBMCUzQiUyMiUyMGFsbG93ZnVsbHNjcmVlbiUzRCUyMiUyMiUyMGxvYWRpbmclM0QlMjJsYXp5JTIyJTIwcmVmZXJyZXJwb2xpY3klM0QlMjJuby1yZWZlcnJlci13aGVuLWRvd25ncmFkZSUyMiUzRSUzQyUyRmlmcmFtZSUzRQ==\u00a0\u00bb size=\u00a0\u00bb800px\u00a0\u00bb][vc_empty_space height=\u00a0\u00bb40px\u00a0\u00bb][\/vc_column][\/vc_row][vc_row css=\u00a0\u00bb.vc_custom_1547712153347{padding-top: 50px !important;padding-bottom: 50px !important;}\u00a0\u00bb][vc_column][vc_column_text]<\/p>\n<h2 style=\"text-align: center;\">COMMENT NOUS REJOINDRE<\/h2>\n<p>[\/vc_column_text][\/vc_column][\/vc_row][vc_row full_width=\u00a0\u00bbstretch_row_content\u00a0\u00bb gap=\u00a0\u00bb35&Prime; css=\u00a0\u00bb.vc_custom_1547712291318{padding-bottom: 50px !important;}\u00a0\u00bb][vc_column width=\u00a0\u00bb1\/3&Prime; css=\u00a0\u00bb.vc_custom_1624271879949{padding-top: 35px !important;padding-right: 35px !important;padding-bottom: 35px !important;padding-left: 35px !important;background-color: #f4f4f4 !important;}\u00a0\u00bb][vc_icon icon_fontawesome=\u00a0\u00bbfa fa-plane\u00a0\u00bb color=\u00a0\u00bbblack\u00a0\u00bb size=\u00a0\u00bbxl\u00a0\u00bb align=\u00a0\u00bbcenter\u00a0\u00bb][vc_column_text]<\/p>\n<h3 style=\"text-align: center;\">Si vous arrivez de l\u2019a\u00e9roport<\/h3>\n<p style=\"text-align: center;\">Une fois \u00e0 l\u2019a\u00e9roport international Marco Polo de Venise, vous pouvez facilement prendre la ligne Alilaguna orange ou bleue et descendre \u00e0 Saint-Marc, arr\u00eat Vallaresso.<br \/>\nDe l\u00e0, continuez tout droit le long de la Calle Vallaresso et au bout, tournez \u00e0 droite et p\u00e9n\u00e9trez sur la place Saint-Marc.<br \/>\nDirigez-vous vers l\u2019\u00e9glise Saint-Marc et empruntez la ruelle sous la tour de l\u2019Horloge (Mercerie dell\u2019Orologio).<br \/>\nAllez jusqu\u2019au bout de cette ruelle, tournez \u00e0 droite et entrez ainsi sur le Campo San Zulian.<br \/>\nCa\u2019 del Campo se trouve exactement sur la petite place derri\u00e8re l\u2019\u00e9glise de San Zulian. Par cons\u00e9quent, en longeant l\u2019\u00e9glise sur la droite, puis en tournant \u00e0 gauche et imm\u00e9diatement \u00e0 droite, vous arrivez sur le Campo della Guerra.<br \/>\nNotre entr\u00e9e, au num\u00e9ro\u00a0511, est situ\u00e9e en face du kiosque \u00e0 journaux du Campo della Guerra.<\/p>\n<p>[\/vc_column_text][\/vc_column][vc_column width=\u00a0\u00bb1\/3&Prime; css=\u00a0\u00bb.vc_custom_1624271891641{padding-top: 35px !important;padding-right: 35px !important;padding-bottom: 35px !important;padding-left: 35px !important;background-color: #f4f4f4 !important;}\u00a0\u00bb][vc_icon icon_fontawesome=\u00a0\u00bbfa fa-car\u00a0\u00bb color=\u00a0\u00bbblack\u00a0\u00bb size=\u00a0\u00bbxl\u00a0\u00bb align=\u00a0\u00bbcenter\u00a0\u00bb][vc_column_text]<\/p>\n<h3 style=\"text-align: center;\">Si vous arrivez en voiture<\/h3>\n<p style=\"text-align: center;\">Garez votre voiture dans l\u2019un des garages du Tronchetto (solution la plus \u00e9conomique) ou de la Piazzale Roma. De ces deux endroits, vous pouvez emprunter la ligne ACTV\u00a01 ou 2 et descendre \u00e0 Saint-Marc, arr\u00eat Vallaresso.<br \/>\nDe l\u00e0, continuez tout droit le long de la Calle Vallaresso et au bout, tournez \u00e0 droite et p\u00e9n\u00e9trez sur la place Saint-Marc.<br \/>\nDirigez-vous vers l\u2019\u00e9glise Saint-Marc et empruntez la ruelle sous la tour de l\u2019Horloge (Mercerie dell\u2019Orologio).<br \/>\nAllez jusqu\u2019au bout de cette ruelle, tournez \u00e0 droite et entrez ainsi sur le Campo San Zulian.<br \/>\nCa\u2019 del Campo se trouve exactement sur la petite place derri\u00e8re l\u2019\u00e9glise de San Zulian. Par cons\u00e9quent, en longeant l\u2019\u00e9glise sur la droite, puis en tournant \u00e0 gauche et imm\u00e9diatement \u00e0 droite, vous arrivez sur le Campo della Guerra.<br \/>\nNotre entr\u00e9e, au num\u00e9ro\u00a0511, est situ\u00e9e en face du kiosque \u00e0 journaux du Campo della Guerra.<\/p>\n<p>[\/vc_column_text][\/vc_column][vc_column width=\u00a0\u00bb1\/3&Prime; css=\u00a0\u00bb.vc_custom_1624271899316{padding-top: 35px !important;padding-right: 35px !important;padding-bottom: 35px !important;padding-left: 35px !important;background-color: #f4f4f4 !important;}\u00a0\u00bb][vc_icon icon_fontawesome=\u00a0\u00bbfa fa-train\u00a0\u00bb color=\u00a0\u00bbblack\u00a0\u00bb size=\u00a0\u00bbxl\u00a0\u00bb align=\u00a0\u00bbcenter\u00a0\u00bb][vc_column_text]<\/p>\n<h3 style=\"text-align: center;\">Si vous arrivez en train<\/h3>\n<p style=\"text-align: center;\">Une fois arriv\u00e9 \u00e0 la gare Santa Lucia de Venise, vous pouvez emprunter la ligne ACTV\u00a01 ou\u00a02 et descendre \u00e0 Saint-Marc, arr\u00eat Vallaresso.<br \/>\nDe l\u00e0, continuez tout droit le long de la Calle Vallaresso et au bout, tournez \u00e0 droite et p\u00e9n\u00e9trez sur la place Saint-Marc.<br \/>\nDirigez-vous vers l\u2019\u00e9glise Saint-Marc et empruntez la ruelle sous la tour de l\u2019Horloge (Mercerie dell\u2019Orologio).<br \/>\nAllez jusqu\u2019au bout de cette ruelle, tournez \u00e0 droite et entrez ainsi sur le Campo San Zulian.<br \/>\nCa\u2019 del Campo se trouve exactement sur la petite place derri\u00e8re l\u2019\u00e9glise de San Zulian. Par cons\u00e9quent, en longeant l\u2019\u00e9glise sur la droite, puis en tournant \u00e0 gauche et imm\u00e9diatement \u00e0 droite, vous arrivez sur le Campo della Guerra.<br \/>\nNotre entr\u00e9e, au num\u00e9ro\u00a0511, est situ\u00e9e en face du kiosque \u00e0 journaux du Campo della Guerra.<\/p>\n<p>[\/vc_column_text][\/vc_column][\/vc_row]<\/p>\n","protected":false},"excerpt":{"rendered":"<p>[vc_row full_width=\u00a0\u00bbstretch_row_content\u00a0\u00bb][vc_column][vc_raw_html]PGRpdiBjbGFzcz0iYXJyb3ctd3JhcHBlciI+PGRpdiBjbGFzcz0iYXJyb3ciPjwvZGl2PjwvZGl2Pg==[\/vc_raw_html][\/vc_column][\/vc_row][vc_row full_width=\u00a0\u00bbstretch_row_content\u00a0\u00bb][vc_column][vc_empty_space height=\u00a0\u00bb100px\u00a0\u00bb][vc_column_text] POSITION [\/vc_column_text][vc_empty_space height=\u00a0\u00bb50px\u00a0\u00bb][\/vc_column][\/vc_row][vc_row][vc_column][vc_column_text] [\/vc_column_text][\/vc_column][\/vc_row][vc_row css=\u00a0\u00bb.vc_custom_1547553006946{padding-top: 10px !important;padding-bottom: 50px !important;}\u00a0\u00bb][vc_column][vc_column_text] Situ\u00e9 \u00e0 seulement 100\u00a0m\u00e8tres de la place Saint-Marc, Ca\u2019 del Campo est un choix strat\u00e9gique pour d\u00e9couvrir les merveilles de Venise. [\/vc_column_text][\/vc_column][\/vc_row][vc_row full_width=\u00a0\u00bbstretch_row_content_no_spaces\u00a0\u00bb][vc_column][vc_gmaps link=\u00a0\u00bb#E-8_JTNDaWZyYW1lJTIwc3JjJTNEJTIyaHR0cHMlM0ElMkYlMkZ3d3cuZ29vZ2xlLmNvbSUyRm1hcHMlMkZlbWJlZCUzRnBiJTNEJTIxMW0xOCUyMTFtMTIlMjExbTMlMjExZDE1ODM3LjQzMTU5MjYyMjAxNSUyMTJkMTIuMzM1MDcyMjQ2NTg4MTY1JTIxM2Q0NS40MzU3NzM4NzI0NDYxNyUyMTJtMyUyMTFmMCUyMTJmMCUyMTNmMCUyMTNtMiUyMTFpMTAyNCUyMTJpNzY4JTIxNGYxMy4xJTIxM20zJTIxMW0yJTIxMXMweDEzMzc3MTY2Y2Y2YmZmZmQlMjUzQTB4ZWNlZTI2NzVkZWJiNmRlMiUyMTJzQ2ElMjYlMjMzOSUzQiUyNTIwZGVsJTI1MjBDYW1wbyUyMTVlMCUyMTNtMiUyMTFzaXQlMjEyc2l0JTIxNHYxNjQ5MDkyMjQyNDU4JTIxNW0yJTIxMXNpdCUyMTJzaXQlMjIlMjB3aWR0aCUzRCUyMjYwMCUyMiUyMGhlaWdodCUzRCUyMjQ1MCUyMiUyMHN0eWxlJTNEJTIyYm9yZGVyJTNBMCUzQiUyMiUyMGFsbG93ZnVsbHNjcmVlbiUzRCUyMiUyMiUyMGxvYWRpbmclM0QlMjJsYXp5JTIyJTIwcmVmZXJyZXJwb2xpY3klM0QlMjJuby1yZWZlcnJlci13aGVuLWRvd25ncmFkZSUyMiUzRSUzQyUyRmlmcmFtZSUzRQ==\u00a0\u00bb size=\u00a0\u00bb800px\u00a0\u00bb][vc_empty_space height=\u00a0\u00bb40px\u00a0\u00bb][\/vc_column][\/vc_row][vc_row css=\u00a0\u00bb.vc_custom_1547712153347{padding-top: 50px !important;padding-bottom: 50px !important;}\u00a0\u00bb][vc_column][vc_column_text] COMMENT NOUS REJOINDRE [\/vc_column_text][\/vc_column][\/vc_row][vc_row full_width=\u00a0\u00bbstretch_row_content\u00a0\u00bb gap=\u00a0\u00bb35&Prime; css=\u00a0\u00bb.vc_custom_1547712291318{padding-bottom: 50px !important;}\u00a0\u00bb][vc_column width=\u00a0\u00bb1\/3&Prime; css=\u00a0\u00bb.vc_custom_1624271879949{padding-top:&hellip;<\/p>\n","protected":false},"author":1,"featured_media":0,"parent":0,"menu_order":0,"comment_status":"closed","ping_status":"closed","template":"","meta":{"footnotes":""},"_links":{"self":[{"href":"https:\/\/www.cadelcampo.it\/fr\/wp-json\/wp\/v2\/pages\/982"}],"collection":[{"href":"https:\/\/www.cadelcampo.it\/fr\/wp-json\/wp\/v2\/pages"}],"about":[{"href":"https:\/\/www.cadelcampo.it\/fr\/wp-json\/wp\/v2\/types\/page"}],"author":[{"embeddable":true,"href":"https:\/\/www.cadelcampo.it\/fr\/wp-json\/wp\/v2\/users\/1"}],"replies":[{"embeddable":true,"href":"https:\/\/www.cadelcampo.it\/fr\/wp-json\/wp\/v2\/comments?post=982"}],"version-history":[{"count":2,"href":"https:\/\/www.cadelcampo.it\/fr\/wp-json\/wp\/v2\/pages\/982\/revisions"}],"predecessor-version":[{"id":984,"href":"https:\/\/www.cadelcampo.it\/fr\/wp-json\/wp\/v2\/pages\/982\/revisions\/984"}],"wp:attachment":[{"href":"https:\/\/www.cadelcampo.it\/fr\/wp-json\/wp\/v2\/media?parent=982"}],"curies":[{"name":"wp","href":"https:\/\/api.w.org\/{rel}","templated":true}]}}